{"id":1528,"date":"2021-07-05T01:26:48","date_gmt":"2021-07-05T01:26:48","guid":{"rendered":"http:\/\/lucilledreyfuss.com\/?post_type=product&#038;p=1528"},"modified":"2025-03-01T13:12:14","modified_gmt":"2025-03-01T13:12:14","slug":"b-evans-affiche","status":"publish","type":"product","link":"https:\/\/lucilledreyfuss.com\/index.php\/product\/b-evans-affiche\/","title":{"rendered":"B. Evans &#8211; Affiche"},"content":{"rendered":"<p>Illustration en format A3, A4 ou A5 imprim\u00e9e sur du papier 300g\/m\u00b2, finement textur\u00e9, 100% coton, sans acide, r\u00e9sistant \u00e0 la lumi\u00e8re et au temps.<\/p>\n<p>&nbsp;<\/p>\n<p>TAILLE : A3 \/ 29,7x42cm ou A4 \/ 21&#215;29,7cm ou A5 \/ 14,8x21cm<\/p>\n<p>&nbsp;<\/p>\n<p>EMBALLAGE ET ENVOI :<br \/>\nEmball\u00e9e dans un papier de soie biod\u00e9gradable puis, en fonction de la dimension choisie, envoy\u00e9e soit dans une enveloppe rigide cartonn\u00e9e, soit enroul\u00e9e dans un colis afin qu&#8217;elle ne soit pas pli\u00e9e dans la bo\u00eete aux lettres.<\/p>\n<p>Envoi avec num\u00e9ro de suivi.<\/p>\n<p>Merci pour votre visite \u2661<\/p>\n<p>&nbsp;<\/p>\n<p>&nbsp;<\/p>\n<p>Je n&#8217;accepte pas les retours, les \u00e9changes ou les annulations mais n&#8217;h\u00e9sitez pas \u00e0 me contacter en cas de probl\u00e8me avec votre commande.<\/p>\n","protected":false},"excerpt":{"rendered":"<p>Illustration en format A3, A4 ou A5 imprim\u00e9e sur du papier 300g\/m\u00b2, finement textur\u00e9, 100% coton, sans acide, r\u00e9sistant \u00e0 la lumi\u00e8re et au temps. &nbsp; TAILLE : A3 \/ 29,7x42cm ou A4 \/ 21&#215;29,7cm ou A5 \/ 14,8x21cm &nbsp; EMBALLAGE ET ENVOI : Emball\u00e9e dans un papier de soie biod\u00e9gradable puis, en fonction de [&hellip;]<\/p>\n","protected":false},"featured_media":1516,"comment_status":"open","ping_status":"closed","template":"","meta":{"site-sidebar-layout":"default","site-content-layout":"default","ast-site-content-layout":"","site-content-style":"default","site-sidebar-style":"default","ast-global-header-display":"","ast-banner-title-visibility":"","ast-main-header-display":"","ast-hfb-above-header-display":"","ast-hfb-below-header-display":"","ast-hfb-mobile-header-display":"","site-post-title":"","ast-breadcrumbs-content":"","ast-featured-img":"","footer-sml-layout":"","theme-transparent-header-meta":"default","adv-header-id-meta":"","stick-header-meta":"","header-above-stick-meta":"","header-main-stick-meta":"","header-below-stick-meta":"","astra-migrate-meta-layouts":"default","ast-page-background-enabled":"default","ast-page-background-meta":{"desktop":{"background-color":"var(--ast-global-color-4)","background-image":"","background-repeat":"repeat","background-position":"center center","background-size":"auto","background-attachment":"scroll","background-type":"","background-media":"","overlay-type":"","overlay-color":"","overlay-opacity":"","overlay-gradient":""},"tablet":{"background-color":"","background-image":"","background-repeat":"repeat","background-position":"center center","background-size":"auto","background-attachment":"scroll","background-type":"","background-media":"","overlay-type":"","overlay-color":"","overlay-opacity":"","overlay-gradient":""},"mobile":{"background-color":"","background-image":"","background-repeat":"repeat","background-position":"center center","background-size":"auto","background-attachment":"scroll","background-type":"","background-media":"","overlay-type":"","overlay-color":"","overlay-opacity":"","overlay-gradient":""}},"ast-content-background-meta":{"desktop":{"background-color":"var(--ast-global-color-5)","background-image":"","background-repeat":"repeat","background-position":"center center","background-size":"auto","background-attachment":"scroll","background-type":"","background-media":"","overlay-type":"","overlay-color":"","overlay-opacity":"","overlay-gradient":""},"tablet":{"background-color":"var(--ast-global-color-5)","background-image":"","background-repeat":"repeat","background-position":"center center","background-size":"auto","background-attachment":"scroll","background-type":"","background-media":"","overlay-type":"","overlay-color":"","overlay-opacity":"","overlay-gradient":""},"mobile":{"background-color":"var(--ast-global-color-5)","background-image":"","background-repeat":"repeat","background-position":"center center","background-size":"auto","background-attachment":"scroll","background-type":"","background-media":"","overlay-type":"","overlay-color":"","overlay-opacity":"","overlay-gradient":""}}},"product_brand":[],"product_cat":[29],"product_tag":[],"class_list":{"0":"post-1528","1":"product","2":"type-product","3":"status-publish","4":"has-post-thumbnail","6":"product_cat-tirages","7":"desktop-align-left","8":"tablet-align-left","9":"mobile-align-left","11":"first","12":"instock","13":"featured","14":"purchasable","15":"product-type-variable","16":"has-default-attributes"},"jetpack_sharing_enabled":true,"_links":{"self":[{"href":"https:\/\/lucilledreyfuss.com\/index.php\/wp-json\/wp\/v2\/product\/1528","targetHints":{"allow":["GET"]}}],"collection":[{"href":"https:\/\/lucilledreyfuss.com\/index.php\/wp-json\/wp\/v2\/product"}],"about":[{"href":"https:\/\/lucilledreyfuss.com\/index.php\/wp-json\/wp\/v2\/types\/product"}],"replies":[{"embeddable":true,"href":"https:\/\/lucilledreyfuss.com\/index.php\/wp-json\/wp\/v2\/comments?post=1528"}],"wp:featuredmedia":[{"embeddable":true,"href":"https:\/\/lucilledreyfuss.com\/index.php\/wp-json\/wp\/v2\/media\/1516"}],"wp:attachment":[{"href":"https:\/\/lucilledreyfuss.com\/index.php\/wp-json\/wp\/v2\/media?parent=1528"}],"wp:term":[{"taxonomy":"product_brand","embeddable":true,"href":"https:\/\/lucilledreyfuss.com\/index.php\/wp-json\/wp\/v2\/product_brand?post=1528"},{"taxonomy":"product_cat","embeddable":true,"href":"https:\/\/lucilledreyfuss.com\/index.php\/wp-json\/wp\/v2\/product_cat?post=1528"},{"taxonomy":"product_tag","embeddable":true,"href":"https:\/\/lucilledreyfuss.com\/index.php\/wp-json\/wp\/v2\/product_tag?post=1528"}],"curies":[{"name":"wp","href":"https:\/\/api.w.org\/{rel}","templated":true}]}}