{"id":1260,"date":"2020-11-24T18:54:52","date_gmt":"2020-11-24T18:54:52","guid":{"rendered":"http:\/\/lucilledreyfuss.com\/?page_id=1260"},"modified":"2025-04-25T20:00:43","modified_gmt":"2025-04-25T20:00:43","slug":"elementor-1260","status":"publish","type":"page","link":"https:\/\/lucilledreyfuss.com\/index.php\/elementor-1260\/","title":{"rendered":"Commandes personnalis\u00e9es"},"content":{"rendered":"\t\t<div data-elementor-type=\"wp-page\" data-elementor-id=\"1260\" class=\"elementor elementor-1260\">\n\t\t\t\t\t\t<section class=\"elementor-section elementor-top-section elementor-element elementor-element-682b04a elementor-section-boxed elementor-section-height-default elementor-section-height-default\" data-id=\"682b04a\" data-element_type=\"section\">\n\t\t\t\t\t\t<div class=\"elementor-container elementor-column-gap-default\">\n\t\t\t\t\t<div class=\"elementor-column elementor-col-100 elementor-top-column elementor-element elementor-element-e3ff115\" data-id=\"e3ff115\" data-element_type=\"column\">\n\t\t\t<div class=\"elementor-widget-wrap elementor-element-populated\">\n\t\t\t\t\t\t<div class=\"elementor-element elementor-element-bc6f6b4 elementor-widget elementor-widget-heading\" data-id=\"bc6f6b4\" data-element_type=\"widget\" data-widget_type=\"heading.default\">\n\t\t\t\t<div class=\"elementor-widget-container\">\n\t\t\t\t\t<h2 class=\"elementor-heading-title elementor-size-default\">Commandes personnalis\u00e9es<\/h2>\t\t\t\t<\/div>\n\t\t\t\t<\/div>\n\t\t\t\t\t<\/div>\n\t\t<\/div>\n\t\t\t\t\t<\/div>\n\t\t<\/section>\n\t\t\t\t<section class=\"elementor-section elementor-top-section elementor-element elementor-element-213baf1 elementor-section-boxed elementor-section-height-default elementor-section-height-default\" data-id=\"213baf1\" data-element_type=\"section\">\n\t\t\t\t\t\t<div class=\"elementor-container elementor-column-gap-default\">\n\t\t\t\t\t<div class=\"elementor-column elementor-col-100 elementor-top-column elementor-element elementor-element-fd961b2\" data-id=\"fd961b2\" data-element_type=\"column\">\n\t\t\t<div class=\"elementor-widget-wrap elementor-element-populated\">\n\t\t\t\t\t\t<section class=\"elementor-section elementor-inner-section elementor-element elementor-element-8941c18 elementor-section-boxed elementor-section-height-default elementor-section-height-default\" data-id=\"8941c18\" data-element_type=\"section\" data-settings=\"{&quot;background_background&quot;:&quot;classic&quot;}\">\n\t\t\t\t\t\t<div class=\"elementor-container elementor-column-gap-wider\">\n\t\t\t\t\t<div class=\"elementor-column elementor-col-50 elementor-inner-column elementor-element elementor-element-31bfbaf\" data-id=\"31bfbaf\" data-element_type=\"column\">\n\t\t\t<div class=\"elementor-widget-wrap elementor-element-populated\">\n\t\t\t\t\t\t<div class=\"elementor-element elementor-element-e386e69 elementor-widget elementor-widget-image\" data-id=\"e386e69\" data-element_type=\"widget\" data-widget_type=\"image.default\">\n\t\t\t\t<div class=\"elementor-widget-container\">\n\t\t\t\t\t\t\t\t\t\t\t\t\t\t\t<img decoding=\"async\" width=\"155\" height=\"300\" src=\"https:\/\/lucilledreyfuss.com\/wp-content\/uploads\/2021\/03\/Coque-personnalis\u00e9e-155x300.png\" class=\"attachment-medium size-medium wp-image-1389\" alt=\"\" srcset=\"https:\/\/lucilledreyfuss.com\/wp-content\/uploads\/2021\/03\/Coque-personnalis\u00e9e-155x300.png 155w, https:\/\/lucilledreyfuss.com\/wp-content\/uploads\/2021\/03\/Coque-personnalis\u00e9e.png 379w\" sizes=\"(max-width: 155px) 100vw, 155px\" \/>\t\t\t\t\t\t\t\t\t\t\t\t\t\t\t<\/div>\n\t\t\t\t<\/div>\n\t\t\t\t<div class=\"elementor-element elementor-element-5b5bbfb elementor-widget elementor-widget-image\" data-id=\"5b5bbfb\" data-element_type=\"widget\" data-widget_type=\"image.default\">\n\t\t\t\t<div class=\"elementor-widget-container\">\n\t\t\t\t\t\t\t\t\t\t\t\t\t\t\t<img fetchpriority=\"high\" decoding=\"async\" width=\"212\" height=\"300\" src=\"https:\/\/lucilledreyfuss.com\/wp-content\/uploads\/2024\/08\/Maman-212x300.jpg\" class=\"attachment-medium size-medium wp-image-1599\" alt=\"\" srcset=\"https:\/\/lucilledreyfuss.com\/wp-content\/uploads\/2024\/08\/Maman-212x300.jpg 212w, https:\/\/lucilledreyfuss.com\/wp-content\/uploads\/2024\/08\/Maman-724x1024.jpg 724w, https:\/\/lucilledreyfuss.com\/wp-content\/uploads\/2024\/08\/Maman-768x1086.jpg 768w, https:\/\/lucilledreyfuss.com\/wp-content\/uploads\/2024\/08\/Maman-1086x1536.jpg 1086w, https:\/\/lucilledreyfuss.com\/wp-content\/uploads\/2024\/08\/Maman-1448x2048.jpg 1448w, https:\/\/lucilledreyfuss.com\/wp-content\/uploads\/2024\/08\/Maman-600x849.jpg 600w, https:\/\/lucilledreyfuss.com\/wp-content\/uploads\/2024\/08\/Maman-42x60.jpg 42w, https:\/\/lucilledreyfuss.com\/wp-content\/uploads\/2024\/08\/Maman-64x90.jpg 64w, https:\/\/lucilledreyfuss.com\/wp-content\/uploads\/2024\/08\/Maman-scaled.jpg 1810w\" sizes=\"(max-width: 212px) 100vw, 212px\" \/>\t\t\t\t\t\t\t\t\t\t\t\t\t\t\t<\/div>\n\t\t\t\t<\/div>\n\t\t\t\t\t<\/div>\n\t\t<\/div>\n\t\t\t\t<div class=\"elementor-column elementor-col-50 elementor-inner-column elementor-element elementor-element-7e7dbf7\" data-id=\"7e7dbf7\" data-element_type=\"column\">\n\t\t\t<div class=\"elementor-widget-wrap elementor-element-populated\">\n\t\t\t\t\t\t<div class=\"elementor-element elementor-element-a51f05b elementor-widget elementor-widget-image\" data-id=\"a51f05b\" data-element_type=\"widget\" data-widget_type=\"image.default\">\n\t\t\t\t<div class=\"elementor-widget-container\">\n\t\t\t\t\t\t\t\t\t\t\t\t\t\t\t<img decoding=\"async\" width=\"212\" height=\"300\" src=\"https:\/\/lucilledreyfuss.com\/wp-content\/uploads\/2024\/08\/Horizon-212x300.jpg\" class=\"attachment-medium size-medium wp-image-1598\" alt=\"\" srcset=\"https:\/\/lucilledreyfuss.com\/wp-content\/uploads\/2024\/08\/Horizon-212x300.jpg 212w, https:\/\/lucilledreyfuss.com\/wp-content\/uploads\/2024\/08\/Horizon-724x1024.jpg 724w, https:\/\/lucilledreyfuss.com\/wp-content\/uploads\/2024\/08\/Horizon-768x1086.jpg 768w, https:\/\/lucilledreyfuss.com\/wp-content\/uploads\/2024\/08\/Horizon-1086x1536.jpg 1086w, https:\/\/lucilledreyfuss.com\/wp-content\/uploads\/2024\/08\/Horizon-1448x2048.jpg 1448w, https:\/\/lucilledreyfuss.com\/wp-content\/uploads\/2024\/08\/Horizon-600x849.jpg 600w, https:\/\/lucilledreyfuss.com\/wp-content\/uploads\/2024\/08\/Horizon-42x60.jpg 42w, https:\/\/lucilledreyfuss.com\/wp-content\/uploads\/2024\/08\/Horizon-64x90.jpg 64w, https:\/\/lucilledreyfuss.com\/wp-content\/uploads\/2024\/08\/Horizon-scaled.jpg 1810w\" sizes=\"(max-width: 212px) 100vw, 212px\" \/>\t\t\t\t\t\t\t\t\t\t\t\t\t\t\t<\/div>\n\t\t\t\t<\/div>\n\t\t\t\t<div class=\"elementor-element elementor-element-d7d8143 elementor-widget elementor-widget-image\" data-id=\"d7d8143\" data-element_type=\"widget\" data-widget_type=\"image.default\">\n\t\t\t\t<div class=\"elementor-widget-container\">\n\t\t\t\t\t\t\t\t\t\t\t\t\t\t\t<img loading=\"lazy\" decoding=\"async\" width=\"1000\" height=\"750\" src=\"https:\/\/lucilledreyfuss.com\/wp-content\/uploads\/2020\/11\/Insolence-version-petite.jpg\" class=\"attachment-large size-large wp-image-1353\" alt=\"\" srcset=\"https:\/\/lucilledreyfuss.com\/wp-content\/uploads\/2020\/11\/Insolence-version-petite.jpg 1000w, https:\/\/lucilledreyfuss.com\/wp-content\/uploads\/2020\/11\/Insolence-version-petite-300x225.jpg 300w, https:\/\/lucilledreyfuss.com\/wp-content\/uploads\/2020\/11\/Insolence-version-petite-768x576.jpg 768w, https:\/\/lucilledreyfuss.com\/wp-content\/uploads\/2020\/11\/Insolence-version-petite-600x450.jpg 600w\" sizes=\"(max-width: 1000px) 100vw, 1000px\" \/>\t\t\t\t\t\t\t\t\t\t\t\t\t\t\t<\/div>\n\t\t\t\t<\/div>\n\t\t\t\t\t<\/div>\n\t\t<\/div>\n\t\t\t\t\t<\/div>\n\t\t<\/section>\n\t\t\t\t<div class=\"elementor-element elementor-element-c5bf2d6 elementor-widget elementor-widget-spacer\" data-id=\"c5bf2d6\" data-element_type=\"widget\" data-widget_type=\"spacer.default\">\n\t\t\t\t<div class=\"elementor-widget-container\">\n\t\t\t\t\t\t\t<div class=\"elementor-spacer\">\n\t\t\t<div class=\"elementor-spacer-inner\"><\/div>\n\t\t<\/div>\n\t\t\t\t\t\t<\/div>\n\t\t\t\t<\/div>\n\t\t\t\t<div class=\"elementor-element elementor-element-51e4716 elementor-widget elementor-widget-text-editor\" data-id=\"51e4716\" data-element_type=\"widget\" data-widget_type=\"text-editor.default\">\n\t\t\t\t<div class=\"elementor-widget-container\">\n\t\t\t\t\t\t\t\t\t<div data-testid=\"richTextElement\"><p>Je propose la r\u00e9alisation d&#8217;illustrations personnalis\u00e9es et de customisations de photos existantes, qui peuvent \u00eatre imprim\u00e9es sur diff\u00e9rents supports ou envoy\u00e9s en version num\u00e9rique. Mais vous pouvez aussi me contacter p<span style=\"font-size: 1rem; background-color: var(--ast-global-color-5);\">our tout autre type de projet (impression sur toile de visuels pr\u00e9existants, projets de graphisme&#8230;).<\/span><\/p><p>Pour obtenir un devis, n&#8217;h\u00e9sitez pas \u00e0 me contacter via le formulaire ci-dessous.<\/p><\/div>\t\t\t\t\t\t\t\t<\/div>\n\t\t\t\t<\/div>\n\t\t\t\t<div class=\"elementor-element elementor-element-44483f4 elementor-widget elementor-widget-spacer\" data-id=\"44483f4\" data-element_type=\"widget\" data-widget_type=\"spacer.default\">\n\t\t\t\t<div class=\"elementor-widget-container\">\n\t\t\t\t\t\t\t<div class=\"elementor-spacer\">\n\t\t\t<div class=\"elementor-spacer-inner\"><\/div>\n\t\t<\/div>\n\t\t\t\t\t\t<\/div>\n\t\t\t\t<\/div>\n\t\t\t\t<div class=\"elementor-element elementor-element-828663b elementor-widget elementor-widget-text-editor\" data-id=\"828663b\" data-element_type=\"widget\" data-widget_type=\"text-editor.default\">\n\t\t\t\t<div class=\"elementor-widget-container\">\n\t\t\t\t\t\t\t\t\t<div data-mesh-id=\"comp-kcf4nn69inlineContent\" data-testid=\"inline-content\"><div data-mesh-id=\"comp-kcf4nn69inlineContent-gridContainer\" data-testid=\"mesh-container-content\"><div data-testid=\"richTextElement\"><h5>\u00a0<\/h5><h5 style=\"text-align: center;\">COMMENT FONCTIONNE LA PERSONNALISATION ET SOUS\u00a0QUELLES CONDITIONS ?<\/h5><p style=\"text-align: left;\">Lors de la prise de contact, expliquez-moi votre projet avec le plus de pr\u00e9cisions possibles. N&#8217;h\u00e9sitez pas \u00e0 m&#8217;envoyer des inspirations, des projets que vous aimez, ou tout ce qui pourrait me permettre de cerner au mieux votre demande.<\/p><p style=\"text-align: left;\">Envoyez-moi \u00e9galement la photo sur laquelle vous voulez que je dessine ou la photo qui servira \u00e0 r\u00e9aliser un portrait personnalis\u00e9.\u00a0 (Attention je suis en droit de refuser une image si celle-ci est de trop mauvaise qualit\u00e9 ou inexploitable.)<\/p><p style=\"text-align: left;\">\u00a0<\/p><\/div><\/div><\/div>\t\t\t\t\t\t\t\t<\/div>\n\t\t\t\t<\/div>\n\t\t\t\t<div class=\"elementor-element elementor-element-bc5680e elementor-widget elementor-widget-spacer\" data-id=\"bc5680e\" data-element_type=\"widget\" data-widget_type=\"spacer.default\">\n\t\t\t\t<div class=\"elementor-widget-container\">\n\t\t\t\t\t\t\t<div class=\"elementor-spacer\">\n\t\t\t<div class=\"elementor-spacer-inner\"><\/div>\n\t\t<\/div>\n\t\t\t\t\t\t<\/div>\n\t\t\t\t<\/div>\n\t\t\t\t\t<\/div>\n\t\t<\/div>\n\t\t\t\t\t<\/div>\n\t\t<\/section>\n\t\t\t\t<section class=\"elementor-section elementor-top-section elementor-element elementor-element-3b9c451 elementor-section-boxed elementor-section-height-default elementor-section-height-default\" data-id=\"3b9c451\" data-element_type=\"section\">\n\t\t\t\t\t\t<div class=\"elementor-container elementor-column-gap-default\">\n\t\t\t\t\t<div class=\"elementor-column elementor-col-100 elementor-top-column elementor-element elementor-element-b8c427f\" data-id=\"b8c427f\" data-element_type=\"column\">\n\t\t\t<div class=\"elementor-widget-wrap elementor-element-populated\">\n\t\t\t\t\t\t<div class=\"elementor-element elementor-element-e1d5296 elementor-widget elementor-widget-heading\" data-id=\"e1d5296\" data-element_type=\"widget\" data-widget_type=\"heading.default\">\n\t\t\t\t<div class=\"elementor-widget-container\">\n\t\t\t\t\t<h3 class=\"elementor-heading-title elementor-size-default\">ME CONTACTER<\/h3>\t\t\t\t<\/div>\n\t\t\t\t<\/div>\n\t\t\t\t<div class=\"elementor-element elementor-element-4e5233f elementor-widget elementor-widget-shortcode\" data-id=\"4e5233f\" data-element_type=\"widget\" data-widget_type=\"shortcode.default\">\n\t\t\t\t<div class=\"elementor-widget-container\">\n\t\t\t\t\t\t\t<div class=\"elementor-shortcode\"><div class=\"wpforms-container \" id=\"wpforms-5\"><form id=\"wpforms-form-5\" class=\"wpforms-validate wpforms-form\" data-formid=\"5\" method=\"post\" enctype=\"multipart\/form-data\" action=\"\/index.php\/wp-json\/wp\/v2\/pages\/1260\" data-token=\"d20fb31beba23d44242dcd61e74357b2\" data-token-time=\"1776356935\"><noscript class=\"wpforms-error-noscript\">Please enable JavaScript in your browser to complete this form.<\/noscript><div class=\"wpforms-field-container\"><div id=\"wpforms-5-field_0-container\" class=\"wpforms-field wpforms-field-name\" data-field-id=\"0\"><label class=\"wpforms-field-label wpforms-label-hide\" for=\"wpforms-5-field_0\">Your Name  <span class=\"wpforms-required-label\">*<\/span><\/label><input type=\"text\" id=\"wpforms-5-field_0\" class=\"wpforms-field-large wpforms-field-required\" name=\"wpforms[fields][0]\" placeholder=\"Name\" required><\/div><div id=\"wpforms-5-field_1-container\" class=\"wpforms-field wpforms-field-email\" data-field-id=\"1\"><label class=\"wpforms-field-label wpforms-label-hide\" for=\"wpforms-5-field_1\">Email <span class=\"wpforms-required-label\">*<\/span><\/label><input type=\"email\" id=\"wpforms-5-field_1\" class=\"wpforms-field-large wpforms-field-required\" name=\"wpforms[fields][1]\" placeholder=\"Email\" spellcheck=\"false\" required><\/div><div id=\"wpforms-5-field_4-container\" class=\"wpforms-field wpforms-field-text\" data-field-id=\"4\"><label class=\"wpforms-field-label wpforms-label-hide\" for=\"wpforms-5-field_4\">Subject <span class=\"wpforms-required-label\">*<\/span><\/label><input type=\"text\" id=\"wpforms-5-field_4\" class=\"wpforms-field-large wpforms-field-required\" name=\"wpforms[fields][4]\" placeholder=\"Subject\" required><\/div><div id=\"wpforms-5-field_2-container\" class=\"wpforms-field wpforms-field-textarea\" data-field-id=\"2\"><label class=\"wpforms-field-label wpforms-label-hide\" for=\"wpforms-5-field_2\">Your Message <span class=\"wpforms-required-label\">*<\/span><\/label><textarea id=\"wpforms-5-field_2\" class=\"wpforms-field-medium wpforms-field-required\" name=\"wpforms[fields][2]\" placeholder=\"Message\" required><\/textarea><\/div><\/div><!-- .wpforms-field-container --><div class=\"wpforms-field wpforms-field-hp\"><label for=\"wpforms-5-field-hp\" class=\"wpforms-field-label\">Phone<\/label><input type=\"text\" name=\"wpforms[hp]\" id=\"wpforms-5-field-hp\" class=\"wpforms-field-medium\"><\/div><div class=\"wpforms-submit-container\" ><input type=\"hidden\" name=\"wpforms[id]\" value=\"5\"><input type=\"hidden\" name=\"page_title\" value=\"\"><input type=\"hidden\" name=\"page_url\" value=\"https:\/\/lucilledreyfuss.com\/index.php\/wp-json\/wp\/v2\/pages\/1260\"><input type=\"hidden\" name=\"url_referer\" value=\"\"><button type=\"submit\" name=\"wpforms[submit]\" id=\"wpforms-submit-5\" class=\"wpforms-submit\" data-alt-text=\"Sending...\" data-submit-text=\"Send Message\" aria-live=\"assertive\" value=\"wpforms-submit\">Send Message<\/button><\/div><\/form><\/div>  <!-- .wpforms-container --><\/div>\n\t\t\t\t\t\t<\/div>\n\t\t\t\t<\/div>\n\t\t\t\t\t<\/div>\n\t\t<\/div>\n\t\t\t\t\t<\/div>\n\t\t<\/section>\n\t\t\t\t<\/div>\n\t\t","protected":false},"excerpt":{"rendered":"<p>Commandes personnalis\u00e9es Je propose la r\u00e9alisation d&#8217;illustrations personnalis\u00e9es et de customisations de photos existantes, qui peuvent \u00eatre imprim\u00e9es sur diff\u00e9rents supports ou envoy\u00e9s en version num\u00e9rique. Mais vous pouvez aussi me contacter pour tout autre type de projet (impression sur toile de visuels pr\u00e9existants, projets de graphisme&#8230;). Pour obtenir un devis, n&#8217;h\u00e9sitez pas \u00e0 me [&hellip;]<\/p>\n","protected":false},"author":1,"featured_media":0,"parent":0,"menu_order":0,"comment_status":"closed","ping_status":"closed","template":"","meta":{"site-sidebar-layout":"no-sidebar","site-content-layout":"page-builder","ast-site-content-layout":"","site-content-style":"default","site-sidebar-style":"default","ast-global-header-display":"","ast-banner-title-visibility":"","ast-main-header-display":"","ast-hfb-above-header-display":"","ast-hfb-below-header-display":"","ast-hfb-mobile-header-display":"","site-post-title":"disabled","ast-breadcrumbs-content":"","ast-featured-img":"disabled","footer-sml-layout":"","theme-transparent-header-meta":"","adv-header-id-meta":"","stick-header-meta":"","header-above-stick-meta":"","header-main-stick-meta":"","header-below-stick-meta":"","astra-migrate-meta-layouts":"default","ast-page-background-enabled":"default","ast-page-background-meta":{"desktop":{"background-color":"var(--ast-global-color-4)","background-image":"","background-repeat":"repeat","background-position":"center center","background-size":"auto","background-attachment":"scroll","background-type":"","background-media":"","overlay-type":"","overlay-color":"","overlay-opacity":"","overlay-gradient":""},"tablet":{"background-color":"","background-image":"","background-repeat":"repeat","background-position":"center center","background-size":"auto","background-attachment":"scroll","background-type":"","background-media":"","overlay-type":"","overlay-color":"","overlay-opacity":"","overlay-gradient":""},"mobile":{"background-color":"","background-image":"","background-repeat":"repeat","background-position":"center center","background-size":"auto","background-attachment":"scroll","background-type":"","background-media":"","overlay-type":"","overlay-color":"","overlay-opacity":"","overlay-gradient":""}},"ast-content-background-meta":{"desktop":{"background-color":"var(--ast-global-color-5)","background-image":"","background-repeat":"repeat","background-position":"center center","background-size":"auto","background-attachment":"scroll","background-type":"","background-media":"","overlay-type":"","overlay-color":"","overlay-opacity":"","overlay-gradient":""},"tablet":{"background-color":"var(--ast-global-color-5)","background-image":"","background-repeat":"repeat","background-position":"center center","background-size":"auto","background-attachment":"scroll","background-type":"","background-media":"","overlay-type":"","overlay-color":"","overlay-opacity":"","overlay-gradient":""},"mobile":{"background-color":"var(--ast-global-color-5)","background-image":"","background-repeat":"repeat","background-position":"center center","background-size":"auto","background-attachment":"scroll","background-type":"","background-media":"","overlay-type":"","overlay-color":"","overlay-opacity":"","overlay-gradient":""}},"footnotes":""},"class_list":["post-1260","page","type-page","status-publish","hentry"],"jetpack_sharing_enabled":true,"_links":{"self":[{"href":"https:\/\/lucilledreyfuss.com\/index.php\/wp-json\/wp\/v2\/pages\/1260","targetHints":{"allow":["GET"]}}],"collection":[{"href":"https:\/\/lucilledreyfuss.com\/index.php\/wp-json\/wp\/v2\/pages"}],"about":[{"href":"https:\/\/lucilledreyfuss.com\/index.php\/wp-json\/wp\/v2\/types\/page"}],"author":[{"embeddable":true,"href":"https:\/\/lucilledreyfuss.com\/index.php\/wp-json\/wp\/v2\/users\/1"}],"replies":[{"embeddable":true,"href":"https:\/\/lucilledreyfuss.com\/index.php\/wp-json\/wp\/v2\/comments?post=1260"}],"version-history":[{"count":59,"href":"https:\/\/lucilledreyfuss.com\/index.php\/wp-json\/wp\/v2\/pages\/1260\/revisions"}],"predecessor-version":[{"id":1800,"href":"https:\/\/lucilledreyfuss.com\/index.php\/wp-json\/wp\/v2\/pages\/1260\/revisions\/1800"}],"wp:attachment":[{"href":"https:\/\/lucilledreyfuss.com\/index.php\/wp-json\/wp\/v2\/media?parent=1260"}],"curies":[{"name":"wp","href":"https:\/\/api.w.org\/{rel}","templated":true}]}}